{"id":1438,"date":"2026-03-16T13:19:51","date_gmt":"2026-03-16T13:19:51","guid":{"rendered":"https:\/\/perfeitocuscuzgourmet.com.br\/receitas\/?page_id=1438"},"modified":"2026-03-16T13:24:53","modified_gmt":"2026-03-16T13:24:53","slug":"termos-e-condicoes","status":"publish","type":"page","link":"https:\/\/perfeitocuscuzgourmet.com.br\/receitas\/termos-e-condicoes\/","title":{"rendered":"Termos e Condi\u00e7\u00f5es"},"content":{"rendered":"\t\t<div data-elementor-type=\"wp-page\" data-elementor-id=\"1438\" class=\"elementor elementor-1438\" data-elementor-post-type=\"page\">\n\t\t\t\t\t\t<\/div>\n\t\t","protected":false},"excerpt":{"rendered":"<p>\u00daltima atualiza\u00e7\u00e3o: mar\u00e7o de 2026 1. Identifica\u00e7\u00e3o Estes Termos e Condi\u00e7\u00f5es regulam o uso do site e a aquisi\u00e7\u00e3o de produtos digitais oferecidos por: Perfeito Cuscuz Gourmet Site: https:\/\/perfeitocuscuzgourmet.com.br WhatsApp:&nbsp;71935009704&nbsp;E-mail: ojoaldosantos@icloud.com Ao acessar este site ou realizar uma compra, voc\u00ea declara que leu, compreendeu e concorda com estes Termos. 2. Sobre o Produto O Perfeito [&hellip;]<\/p>\n","protected":false},"author":1,"featured_media":0,"parent":0,"menu_order":0,"comment_status":"closed","ping_status":"closed","template":"","meta":{"footnotes":""},"class_list":["post-1438","page","type-page","status-publish","hentry"],"_links":{"self":[{"href":"https:\/\/perfeitocuscuzgourmet.com.br\/receitas\/wp-json\/wp\/v2\/pages\/1438","targetHints":{"allow":["GET"]}}],"collection":[{"href":"https:\/\/perfeitocuscuzgourmet.com.br\/receitas\/wp-json\/wp\/v2\/pages"}],"about":[{"href":"https:\/\/perfeitocuscuzgourmet.com.br\/receitas\/wp-json\/wp\/v2\/types\/page"}],"author":[{"embeddable":true,"href":"https:\/\/perfeitocuscuzgourmet.com.br\/receitas\/wp-json\/wp\/v2\/users\/1"}],"replies":[{"embeddable":true,"href":"https:\/\/perfeitocuscuzgourmet.com.br\/receitas\/wp-json\/wp\/v2\/comments?post=1438"}],"version-history":[{"count":4,"href":"https:\/\/perfeitocuscuzgourmet.com.br\/receitas\/wp-json\/wp\/v2\/pages\/1438\/revisions"}],"predecessor-version":[{"id":1443,"href":"https:\/\/perfeitocuscuzgourmet.com.br\/receitas\/wp-json\/wp\/v2\/pages\/1438\/revisions\/1443"}],"wp:attachment":[{"href":"https:\/\/perfeitocuscuzgourmet.com.br\/receitas\/wp-json\/wp\/v2\/media?parent=1438"}],"curies":[{"name":"wp","href":"https:\/\/api.w.org\/{rel}","templated":true}]}}