{"id":3,"date":"2025-08-26T18:52:13","date_gmt":"2025-08-26T18:52:13","guid":{"rendered":"https:\/\/perfeitocuscuzgourmet.com.br\/receitas\/?page_id=3"},"modified":"2026-03-16T13:17:29","modified_gmt":"2026-03-16T13:17:29","slug":"privacy-policy","status":"publish","type":"page","link":"https:\/\/perfeitocuscuzgourmet.com.br\/receitas\/privacy-policy\/","title":{"rendered":"Politica de Privacidade"},"content":{"rendered":"\t\t<div data-elementor-type=\"wp-page\" data-elementor-id=\"3\" class=\"elementor elementor-3\" data-elementor-post-type=\"page\">\n\t\t\t\t\t\t<\/div>\n\t\t","protected":false},"excerpt":{"rendered":"<p>\u00daltima atualiza\u00e7\u00e3o: mar\u00e7o de 2026 1. Quem somos Este site \u00e9 operado por Perfeito Cuscuz Gourmet, respons\u00e1vel pela comercializa\u00e7\u00e3o de produtos digitais (livros e cursos de receitas) por meio da plataforma Hotmart. Site: https:\/\/perfeitocuscuzgourmet.com.brContato: 71935009704 2. Quais dados coletamos Coletamos os seguintes dados pessoais quando voc\u00ea visita ou compra em nosso site: Dados de navega\u00e7\u00e3o: [&hellip;]<\/p>\n","protected":false},"author":1,"featured_media":0,"parent":0,"menu_order":0,"comment_status":"closed","ping_status":"closed","template":"","meta":{"footnotes":""},"class_list":["post-3","page","type-page","status-publish","hentry"],"_links":{"self":[{"href":"https:\/\/perfeitocuscuzgourmet.com.br\/receitas\/wp-json\/wp\/v2\/pages\/3","targetHints":{"allow":["GET"]}}],"collection":[{"href":"https:\/\/perfeitocuscuzgourmet.com.br\/receitas\/wp-json\/wp\/v2\/pages"}],"about":[{"href":"https:\/\/perfeitocuscuzgourmet.com.br\/receitas\/wp-json\/wp\/v2\/types\/page"}],"author":[{"embeddable":true,"href":"https:\/\/perfeitocuscuzgourmet.com.br\/receitas\/wp-json\/wp\/v2\/users\/1"}],"replies":[{"embeddable":true,"href":"https:\/\/perfeitocuscuzgourmet.com.br\/receitas\/wp-json\/wp\/v2\/comments?post=3"}],"version-history":[{"count":9,"href":"https:\/\/perfeitocuscuzgourmet.com.br\/receitas\/wp-json\/wp\/v2\/pages\/3\/revisions"}],"predecessor-version":[{"id":1770,"href":"https:\/\/perfeitocuscuzgourmet.com.br\/receitas\/wp-json\/wp\/v2\/pages\/3\/revisions\/1770"}],"wp:attachment":[{"href":"https:\/\/perfeitocuscuzgourmet.com.br\/receitas\/wp-json\/wp\/v2\/media?parent=3"}],"curies":[{"name":"wp","href":"https:\/\/api.w.org\/{rel}","templated":true}]}}